{"id":8449,"date":"2022-11-21T15:22:27","date_gmt":"2022-11-21T15:22:27","guid":{"rendered":"https:\/\/willa-green.pl\/?page_id=8449"},"modified":"2022-11-29T20:14:47","modified_gmt":"2022-11-29T20:14:47","slug":"regulamin","status":"publish","type":"page","link":"https:\/\/willa-green.pl\/index.php\/regulamin\/","title":{"rendered":"Regulamin"},"content":{"rendered":"\t\t<div data-elementor-type=\"wp-page\" data-elementor-id=\"8449\" class=\"elementor elementor-8449\">\n\t\t\t\t\t\t\t\t\t<section class=\"elementor-section elementor-top-section elementor-element elementor-element-31f5dd8 elementor-section-height-min-height is-fixed elementor-section-boxed elementor-section-height-default elementor-section-items-middle\" data-id=\"31f5dd8\" data-element_type=\"section\" data-settings=\"{&quot;background_background&quot;:&quot;classic&quot;}\">\n\t\t\t\t\t\t<div class=\"elementor-container elementor-column-gap-default\">\n\t\t\t\t\t<div class=\"elementor-column elementor-col-100 elementor-top-column elementor-element elementor-element-99b31d1\" data-id=\"99b31d1\" data-element_type=\"column\">\n\t\t\t<div class=\"elementor-widget-wrap\">\n\t\t\t\t\t\t\t\t\t<\/div>\n\t\t<\/div>\n\t\t\t\t\t\t\t<\/div>\n\t\t<\/section>\n\t\t\t\t<section class=\"elementor-section elementor-top-section elementor-element elementor-element-800a1ba elementor-section-boxed elementor-section-height-default elementor-section-height-default\" data-id=\"800a1ba\" data-element_type=\"section\">\n\t\t\t\t\t\t<div class=\"elementor-container elementor-column-gap-default\">\n\t\t\t\t\t<div class=\"elementor-column elementor-col-100 elementor-top-column elementor-element elementor-element-5aba017\" data-id=\"5aba017\" data-element_type=\"column\">\n\t\t\t<div class=\"elementor-widget-wrap elementor-element-populated\">\n\t\t\t\t\t\t\t\t<div class=\"elementor-element elementor-element-a0b2ee8 elementor-invisible elementor-widget elementor-widget-ot-heading\" data-id=\"a0b2ee8\" data-element_type=\"widget\" data-settings=\"{&quot;_animation&quot;:&quot;fadeInDown&quot;}\" data-widget_type=\"ot-heading.default\">\n\t\t\t\t<div class=\"elementor-widget-container\">\n\t\t\t\t\t<div class=\"ot-heading\">\r\n\t        \t        <h2 class=\"ot-heading__title\">Regulamin obiektu Willa Green w K\u0105tach Rybackich<\/h2>\t    <\/div>\r\n\t    \t\t<\/div>\n\t\t\t\t<\/div>\n\t\t\t\t<div class=\"elementor-element elementor-element-6b6e7af elementor-widget elementor-widget-text-editor\" data-id=\"6b6e7af\" data-element_type=\"widget\" data-widget_type=\"text-editor.default\">\n\t\t\t\t<div class=\"elementor-widget-container\">\n\t\t\t<style>\/*! elementor - v3.8.0 - 30-10-2022 *\/\n.elementor-widget-text-editor.elementor-drop-cap-view-stacked .elementor-drop-cap{background-color:#818a91;color:#fff}.elementor-widget-text-editor.elementor-drop-cap-view-framed .elementor-drop-cap{color:#818a91;border:3px solid;background-color:transparent}.elementor-widget-text-editor:not(.elementor-drop-cap-view-default) .elementor-drop-cap{margin-top:8px}.elementor-widget-text-editor:not(.elementor-drop-cap-view-default) .elementor-drop-cap-letter{width:1em;height:1em}.elementor-widget-text-editor .elementor-drop-cap{float:left;text-align:center;line-height:1;font-size:50px}.elementor-widget-text-editor .elementor-drop-cap-letter{display:inline-block}<\/style>\t\t\t\t<p style=\"text-align: center;\"><strong>Go\u015b\u0107 zobowi\u0105zuje si\u0119 zapozna\u0107 z tre\u015bci\u0105 niniejszego Regulaminu. Dokonanie rezerwacji r\u00f3wnoznaczne jest z zaakceptowaniem Regulaminu.<\/strong><\/p><ol><li>Doba pobytowa rozpoczyna si\u0119 o godzinie 15:00 w dniu przyjazdu i ko\u0144czy o godzinie 10:00 w dniu wyjazdu.<\/li><li>Nale\u017cno\u015b\u0107 za pobyt pobierana jest w dniu przyjazdu, zgodnie z ustalonym terminem.<\/li><li>Warunkiem przyj\u0119cia rezerwacji jest wp\u0142ata zadatku w wysoko\u015bci 30% ustalonego pobytu.<\/li><li>W przypadku wcze\u015bniejszego wyjazdu, niewykorzystania w ca\u0142o\u015b\u0107 zarezerwowanego terminu, go\u015bciom nie przys\u0142uguje zwrot wp\u0142aconej kwoty ani obni\u017cenie ceny za niewykorzystany okres.<\/li><li>Ka\u017cdy z go\u015bci otrzymuje komplet 3 kluczy oraz PIN do bramki. Zgubienie kluczy skutkuje dodatkow\u0105 op\u0142at\u0105 w wysoko\u015bci 250 z\u0142.<\/li><li>Go\u015bcie ponosz\u0105 pe\u0142n\u0105 odpowiedzialno\u015b\u0107 materialn\u0105 za wszelkiego rodzaju uszkodzenia, oraz zniszczenia przedmiot\u00f3w powsta\u0142ych z ich winy.<\/li><li>W pokojach ca\u0142orocznych przyjmowane s\u0105 dzieci powy\u017cej 8 roku \u017cycia.<\/li><li>W pokojach oraz cz\u0119\u015bci wsp\u00f3lnej obowi\u0105zuje ca\u0142kowity zakaz palenia tytoniu. W przypadkach niedostosowania si\u0119 do zakazu doliczona jest op\u0142ata w wysoko\u015bci 500 z\u0142 (jest to koszt ozonowania pomieszczenia). Palenie mo\u017ce odbywa\u0107 si\u0119 w miejscach do tego wyznaczonych.<\/li><li>Do ka\u017cdego z pokoi ca\u0142orocznych przypisane jest jedno miejsce parkingowe. Nie ponosimy odpowiedzialno\u015bci za uszkodzenia b\u0105d\u017a kradzie\u017ce.<\/li><li>Kuchnia wsp\u00f3lna s\u0142u\u017cy do przygotowywania prostych posi\u0142k\u00f3w. W celu usma\u017cenia ryby b\u0105d\u017a mi\u0119sa, ugotowania obiadu, prosimy o skorzystanie z kuchni letniej zlokalizowanej na dzia\u0142ce w altanie.<\/li><li>W obiekcie nale\u017cy zachowa\u0107 cisz\u0119 nocn\u0105 od godziny 23:00 do godziny 7:00.<\/li><li>Na terenie posesji mog\u0105 znajdowa\u0107 si\u0119 tylko osoby zameldowane.<\/li><li>W pokojach ca\u0142orocznych nie przyjmujemy zwierz\u0105t domowych.<\/li><li>Ze wzgl\u0119d\u00f3w bezpiecze\u0144stwa w pokojach znajduj\u0105 si\u0119 czujniki dymu. Ingerowanie w urz\u0105dzenie (np. wyci\u0105gni\u0119cie baterii) i palenie w pokoju skutkuje jednoznacznym rozwi\u0105zaniem umowy najmu bez zwrotu niewykorzystanych \u015brodk\u00f3w.<\/li><li>Obiekt jest monitorowany ca\u0142odobowo, obraz jest rejestrowany.<\/li><li>Po sko\u0144czonym pobycie odbywa si\u0119 zawsze odbi\u00f3r pokoju w towarzystwie w\u0142a\u015bciciela lub osoby uprawnionej.<\/li><\/ol><p style=\"text-align: center;\"><strong>Dzi\u0119kujemy za przestrzeganie wy\u017cej wymienionych zasad. <br \/>\u017byczymy udanego pobytu w Willi Green &#8211; pokoje ca\u0142oroczne.<\/strong><\/p>\t\t\t\t\t\t<\/div>\n\t\t\t\t<\/div>\n\t\t\t\t\t<\/div>\n\t\t<\/div>\n\t\t\t\t\t\t\t<\/div>\n\t\t<\/section>\n\t\t\t\t\t\t\t<\/div>\n\t\t","protected":false},"excerpt":{"rendered":"<p>Regulamin obiektu Willa Green w K\u0105tach Rybackich Go\u015b\u0107 zobowi\u0105zuje si\u0119 zapozna\u0107 z tre\u015bci\u0105 niniejszego Regulaminu. Dokonanie rezerwacji r\u00f3wnoznaczne jest z zaakceptowaniem Regulaminu. Doba pobytowa rozpoczyna si\u0119 o godzinie 15:00 w dniu przyjazdu i ko\u0144czy o godzinie 10:00 w dniu wyjazdu. Nale\u017cno\u015b\u0107 za pobyt pobierana jest w dniu przyjazdu, zgodnie z ustalonym terminem. Warunkiem przyj\u0119cia rezerwacji [&hellip;]<\/p>\n","protected":false},"author":1,"featured_media":7696,"parent":0,"menu_order":0,"comment_status":"closed","ping_status":"closed","template":"","meta":[],"_links":{"self":[{"href":"https:\/\/willa-green.pl\/index.php\/wp-json\/wp\/v2\/pages\/8449"}],"collection":[{"href":"https:\/\/willa-green.pl\/index.php\/wp-json\/wp\/v2\/pages"}],"about":[{"href":"https:\/\/willa-green.pl\/index.php\/wp-json\/wp\/v2\/types\/page"}],"author":[{"embeddable":true,"href":"https:\/\/willa-green.pl\/index.php\/wp-json\/wp\/v2\/users\/1"}],"replies":[{"embeddable":true,"href":"https:\/\/willa-green.pl\/index.php\/wp-json\/wp\/v2\/comments?post=8449"}],"version-history":[{"count":22,"href":"https:\/\/willa-green.pl\/index.php\/wp-json\/wp\/v2\/pages\/8449\/revisions"}],"predecessor-version":[{"id":8541,"href":"https:\/\/willa-green.pl\/index.php\/wp-json\/wp\/v2\/pages\/8449\/revisions\/8541"}],"wp:featuredmedia":[{"embeddable":true,"href":"https:\/\/willa-green.pl\/index.php\/wp-json\/wp\/v2\/media\/7696"}],"wp:attachment":[{"href":"https:\/\/willa-green.pl\/index.php\/wp-json\/wp\/v2\/media?parent=8449"}],"curies":[{"name":"wp","href":"https:\/\/api.w.org\/{rel}","templated":true}]}}